{"id":1428,"date":"2020-01-28T17:23:51","date_gmt":"2020-01-28T16:23:51","guid":{"rendered":"http:\/\/loettechnik.burkhard.coalo.dev\/plan-du-site\/"},"modified":"2020-01-28T17:23:51","modified_gmt":"2020-01-28T16:23:51","slug":"plan-du-site","status":"publish","type":"page","link":"https:\/\/loettechnik.burkhard-group.com\/fr\/plan-du-site\/","title":{"rendered":"Plan du site"},"content":{"rendered":"<div id=\"simple-sitemap-container-69e6072253561\" class=\"simple-sitemap-container simple-sitemap-container-69e6072253561 tab-disabled\"><div class=\"simple-sitemap-wrap\"><h3 class=\"post-type\">Pages<\/h3><ul class=\"simple-sitemap-page main\"><li class=\"sitemap-item page_item page-item-1409\"><a href=\"https:\/\/loettechnik.burkhard-group.com\/fr\/contact\/\">Contact<\/a><\/li>\n<li class=\"sitemap-item page_item page-item-1411\"><a href=\"https:\/\/loettechnik.burkhard-group.com\/fr\/\">Home<\/a><\/li>\n<li class=\"sitemap-item page_item page-item-1566\"><a href=\"https:\/\/loettechnik.burkhard-group.com\/fr\/informations-legales\/\">Informations l\u00e9gales<\/a><\/li>\n<li class=\"sitemap-item page_item page-item-1428\"><a href=\"https:\/\/loettechnik.burkhard-group.com\/fr\/plan-du-site\/\">Plan du site<\/a><\/li>\n<li class=\"sitemap-item page_item page-item-1470\"><a href=\"https:\/\/loettechnik.burkhard-group.com\/fr\/protection-des-donnees\/\">Protection des donn\u00e9es<\/a><\/li>\n<li class=\"sitemap-item page_item page-item-1426\"><a href=\"https:\/\/loettechnik.burkhard-group.com\/fr\/resultats-de-la-recherche\/\">R\u00e9sultats de la recherche<\/a><\/li>\n<\/ul><\/div><\/div><br style=\"clear: both;\"><br \/>\n    <div id=\"simple-sitemap-container-69e6072257210\" class=\"simple-sitemap-container simple-sitemap-container-69e6072257210\"><h3 class=\"post-type\">Articles<\/h3><\/div><br style=\"clear: both\"><\/p>\n","protected":false},"excerpt":{"rendered":"<p>PagesContact Home Informations l\u00e9gales Plan du site Protection des donn\u00e9es R\u00e9sultats de la recherche Articles<\/p>\n","protected":false},"author":1,"featured_media":0,"parent":0,"menu_order":0,"comment_status":"closed","ping_status":"closed","template":"","meta":{"_lmt_disableupdate":"","_lmt_disable":"","footnotes":""},"class_list":["post-1428","page","type-page","status-publish","hentry","description-off"],"yoast_head":"<!-- This site is optimized with the Yoast SEO plugin v26.8 - https:\/\/yoast.com\/product\/yoast-seo-wordpress\/ -->\n<title>Plan du site - L\u00f6ttechnik<\/title>\n<meta name=\"robots\" content=\"index, follow, max-snippet:-1, max-image-preview:large, max-video-preview:-1\" \/>\n<link rel=\"canonical\" href=\"https:\/\/loettechnik.burkhard-group.com\/fr\/plan-du-site\/\" \/>\n<meta property=\"og:locale\" content=\"fr_FR\" \/>\n<meta property=\"og:type\" content=\"article\" \/>\n<meta property=\"og:title\" content=\"Plan du site - L\u00f6ttechnik\" \/>\n<meta property=\"og:url\" content=\"https:\/\/loettechnik.burkhard-group.com\/fr\/plan-du-site\/\" \/>\n<meta property=\"og:site_name\" content=\"L\u00f6ttechnik\" \/>\n<meta name=\"twitter:card\" content=\"summary_large_image\" \/>\n<script type=\"application\/ld+json\" class=\"yoast-schema-graph\">{\"@context\":\"https:\/\/schema.org\",\"@graph\":[{\"@type\":\"WebPage\",\"@id\":\"https:\/\/loettechnik.burkhard-group.com\/fr\/plan-du-site\/\",\"url\":\"https:\/\/loettechnik.burkhard-group.com\/fr\/plan-du-site\/\",\"name\":\"Plan du site - L\u00f6ttechnik\",\"isPartOf\":{\"@id\":\"https:\/\/loettechnik.burkhard-group.com\/#website\"},\"datePublished\":\"2020-01-28T16:23:51+00:00\",\"breadcrumb\":{\"@id\":\"https:\/\/loettechnik.burkhard-group.com\/fr\/plan-du-site\/#breadcrumb\"},\"inLanguage\":\"fr-FR\",\"potentialAction\":[{\"@type\":\"ReadAction\",\"target\":[\"https:\/\/loettechnik.burkhard-group.com\/fr\/plan-du-site\/\"]}]},{\"@type\":\"BreadcrumbList\",\"@id\":\"https:\/\/loettechnik.burkhard-group.com\/fr\/plan-du-site\/#breadcrumb\",\"itemListElement\":[{\"@type\":\"ListItem\",\"position\":1,\"name\":\"Startseite\",\"item\":\"https:\/\/loettechnik.burkhard-group.com\/fr\/\"},{\"@type\":\"ListItem\",\"position\":2,\"name\":\"Plan du site\"}]},{\"@type\":\"WebSite\",\"@id\":\"https:\/\/loettechnik.burkhard-group.com\/#website\",\"url\":\"https:\/\/loettechnik.burkhard-group.com\/\",\"name\":\"L\u00f6ttechnik\",\"description\":\"Mit dem Unternehmenszweig L\u00f6ten und Gl\u00fchen bieten wir Ihnen ein leistungsstarkes Unternehmen f\u00fcr die W\u00e4rmebehandlung von Metallbauteilen.\",\"potentialAction\":[{\"@type\":\"SearchAction\",\"target\":{\"@type\":\"EntryPoint\",\"urlTemplate\":\"https:\/\/loettechnik.burkhard-group.com\/?s={search_term_string}\"},\"query-input\":{\"@type\":\"PropertyValueSpecification\",\"valueRequired\":true,\"valueName\":\"search_term_string\"}}],\"inLanguage\":\"fr-FR\"}]}<\/script>\n<!-- \/ Yoast SEO plugin. -->","yoast_head_json":{"title":"Plan du site - L\u00f6ttechnik","robots":{"index":"index","follow":"follow","max-snippet":"max-snippet:-1","max-image-preview":"max-image-preview:large","max-video-preview":"max-video-preview:-1"},"canonical":"https:\/\/loettechnik.burkhard-group.com\/fr\/plan-du-site\/","og_locale":"fr_FR","og_type":"article","og_title":"Plan du site - L\u00f6ttechnik","og_url":"https:\/\/loettechnik.burkhard-group.com\/fr\/plan-du-site\/","og_site_name":"L\u00f6ttechnik","twitter_card":"summary_large_image","schema":{"@context":"https:\/\/schema.org","@graph":[{"@type":"WebPage","@id":"https:\/\/loettechnik.burkhard-group.com\/fr\/plan-du-site\/","url":"https:\/\/loettechnik.burkhard-group.com\/fr\/plan-du-site\/","name":"Plan du site - L\u00f6ttechnik","isPartOf":{"@id":"https:\/\/loettechnik.burkhard-group.com\/#website"},"datePublished":"2020-01-28T16:23:51+00:00","breadcrumb":{"@id":"https:\/\/loettechnik.burkhard-group.com\/fr\/plan-du-site\/#breadcrumb"},"inLanguage":"fr-FR","potentialAction":[{"@type":"ReadAction","target":["https:\/\/loettechnik.burkhard-group.com\/fr\/plan-du-site\/"]}]},{"@type":"BreadcrumbList","@id":"https:\/\/loettechnik.burkhard-group.com\/fr\/plan-du-site\/#breadcrumb","itemListElement":[{"@type":"ListItem","position":1,"name":"Startseite","item":"https:\/\/loettechnik.burkhard-group.com\/fr\/"},{"@type":"ListItem","position":2,"name":"Plan du site"}]},{"@type":"WebSite","@id":"https:\/\/loettechnik.burkhard-group.com\/#website","url":"https:\/\/loettechnik.burkhard-group.com\/","name":"L\u00f6ttechnik","description":"Mit dem Unternehmenszweig L\u00f6ten und Gl\u00fchen bieten wir Ihnen ein leistungsstarkes Unternehmen f\u00fcr die W\u00e4rmebehandlung von Metallbauteilen.","potentialAction":[{"@type":"SearchAction","target":{"@type":"EntryPoint","urlTemplate":"https:\/\/loettechnik.burkhard-group.com\/?s={search_term_string}"},"query-input":{"@type":"PropertyValueSpecification","valueRequired":true,"valueName":"search_term_string"}}],"inLanguage":"fr-FR"}]}},"_links":{"self":[{"href":"https:\/\/loettechnik.burkhard-group.com\/fr\/wp-json\/wp\/v2\/pages\/1428","targetHints":{"allow":["GET"]}}],"collection":[{"href":"https:\/\/loettechnik.burkhard-group.com\/fr\/wp-json\/wp\/v2\/pages"}],"about":[{"href":"https:\/\/loettechnik.burkhard-group.com\/fr\/wp-json\/wp\/v2\/types\/page"}],"author":[{"embeddable":true,"href":"https:\/\/loettechnik.burkhard-group.com\/fr\/wp-json\/wp\/v2\/users\/1"}],"replies":[{"embeddable":true,"href":"https:\/\/loettechnik.burkhard-group.com\/fr\/wp-json\/wp\/v2\/comments?post=1428"}],"version-history":[{"count":0,"href":"https:\/\/loettechnik.burkhard-group.com\/fr\/wp-json\/wp\/v2\/pages\/1428\/revisions"}],"wp:attachment":[{"href":"https:\/\/loettechnik.burkhard-group.com\/fr\/wp-json\/wp\/v2\/media?parent=1428"}],"curies":[{"name":"wp","href":"https:\/\/api.w.org\/{rel}","templated":true}]}}