{"id":1564,"date":"2020-02-04T10:49:08","date_gmt":"2020-02-04T09:49:08","guid":{"rendered":"http:\/\/loettechnik.burkhard.coalo.dev\/imprint\/"},"modified":"2020-02-04T10:50:27","modified_gmt":"2020-02-04T09:50:27","slug":"imprint","status":"publish","type":"page","link":"https:\/\/loettechnik.burkhard-group.com\/en\/imprint\/","title":{"rendered":"Imprint"},"content":{"rendered":"<div class=\"wpb-content-wrapper\"><p>[vc_row][vc_column css=&#8221;.vc_custom_1571065243645{margin-top: 30px !important;}&#8221;][vc_column_text css=&#8221;.vc_custom_1571063174631{margin-top: 30px !important;}&#8221;]<\/p>\n<h2>Imprint<\/h2>\n<p>[\/vc_column_text][\/vc_column][\/vc_row][vc_row][vc_column css=&#8221;.vc_custom_1571063528009{margin-bottom: 30px !important;}&#8221;][vc_column_text]<strong>L\u00f6ttechnik Burkhard GmbH &amp; Co. KG<\/strong><br \/>\n<strong>Julius-Probst-Stra\u00dfe 9<\/strong><br \/>\n<strong>D-87600 Kaufbeuren<\/strong><\/p>\n<p>Tel.: +49 (0)8341 966884-44<br \/>\nFax: +49 (0)8341 966884-55<\/p>\n<p>Web: <a href=\"http:\/\/www.loettechnik-burkhard.de\">www.loettechnik-burkhard.de<\/a> I <a href=\"https:\/\/burkhard-group.com\">www.burkhard-group.com<\/a><br \/>\nE-Mail: <a href=\"mailto:loettechnik@burkhard-group.com\">loettechnik@burkhard-group.com<\/a><br \/>\nAndrea Ulpinnis: <a href=\"mailto:datenschutzbeauftragter@burkhard-group.com\">datenschutzbeauftragter@burkhard-group.com<\/a><\/p>\n<p>Registergericht: Kempten HRA 1822<br \/>\nUst-Id-Nr.: DE 213264816<br \/>\nZertifiziert nach: DIN EN ISO 9001:2015<\/p>\n<p>Pers\u00f6nlich haftende Gesellschafterin: Burkhard GmbH mit Sitz in Kaufbeuren<br \/>\nGesch\u00e4ftsf\u00fchrer: J\u00fcrgen Burkhard, Christian Reichert<br \/>\nRegistergericht: Kempten HRB 7324[\/vc_column_text][\/vc_column][\/vc_row]<\/p>\n<\/div>","protected":false},"excerpt":{"rendered":"<p>[vc_row][vc_column css=&#8221;.vc_custom_1571065243645{margin-top: 30px !important;}&#8221;][vc_column_text css=&#8221;.vc_custom_1571063174631{margin-top: 30px !important;}&#8221;] Imprint [\/vc_column_text][\/vc_column][\/vc_row][vc_row][vc_column css=&#8221;.vc_custom_1571063528009{margin-bottom: 30px !important;}&#8221;][vc_column_text]L\u00f6ttechnik Burkhard GmbH &amp; Co. KG Julius-Probst-Stra\u00dfe 9 D-87600 Kaufbeuren Tel.: +49 (0)8341 966884-44 Fax: +49 (0)8341 966884-55 Web: www.loettechnik-burkhard.de I www.burkhard-group.com E-Mail: loettechnik@burkhard-group.com Andrea Ulpinnis: datenschutzbeauftragter@burkhard-group.com Registergericht: Kempten HRA 1822 Ust-Id-Nr.: DE 213264816 Zertifiziert nach: DIN EN ISO 9001:2015 Pers\u00f6nlich haftende Gesellschafterin: Burkhard&hellip;<\/p>\n","protected":false},"author":1,"featured_media":0,"parent":0,"menu_order":0,"comment_status":"closed","ping_status":"open","template":"","meta":{"_lmt_disableupdate":"","_lmt_disable":"","footnotes":""},"class_list":["post-1564","page","type-page","status-publish","hentry","description-off"],"yoast_head":"<!-- This site is optimized with the Yoast SEO plugin v26.8 - https:\/\/yoast.com\/product\/yoast-seo-wordpress\/ -->\n<title>Imprint - L\u00f6ttechnik<\/title>\n<meta name=\"robots\" content=\"index, follow, max-snippet:-1, max-image-preview:large, max-video-preview:-1\" \/>\n<link rel=\"canonical\" href=\"https:\/\/loettechnik.burkhard-group.com\/en\/imprint\/\" \/>\n<meta property=\"og:locale\" content=\"en_US\" \/>\n<meta property=\"og:type\" content=\"article\" \/>\n<meta property=\"og:title\" content=\"Imprint - L\u00f6ttechnik\" \/>\n<meta property=\"og:description\" content=\"[vc_row][vc_column css=&#8221;.vc_custom_1571065243645{margin-top: 30px !important;}&#8221;][vc_column_text css=&#8221;.vc_custom_1571063174631{margin-top: 30px !important;}&#8221;] Imprint [\/vc_column_text][\/vc_column][\/vc_row][vc_row][vc_column css=&#8221;.vc_custom_1571063528009{margin-bottom: 30px !important;}&#8221;][vc_column_text]L\u00f6ttechnik Burkhard GmbH &amp; Co. KG Julius-Probst-Stra\u00dfe 9 D-87600 Kaufbeuren Tel.: +49 (0)8341 966884-44 Fax: +49 (0)8341 966884-55 Web: www.loettechnik-burkhard.de I www.burkhard-group.com E-Mail: loettechnik@burkhard-group.com Andrea Ulpinnis: datenschutzbeauftragter@burkhard-group.com Registergericht: Kempten HRA 1822 Ust-Id-Nr.: DE 213264816 Zertifiziert nach: DIN EN ISO 9001:2015 Pers\u00f6nlich haftende Gesellschafterin: Burkhard&hellip;\" \/>\n<meta property=\"og:url\" content=\"https:\/\/loettechnik.burkhard-group.com\/en\/imprint\/\" \/>\n<meta property=\"og:site_name\" content=\"L\u00f6ttechnik\" \/>\n<meta property=\"article:modified_time\" content=\"2020-02-04T09:50:27+00:00\" \/>\n<meta name=\"twitter:card\" content=\"summary_large_image\" \/>\n<meta name=\"twitter:label1\" content=\"Est. reading time\" \/>\n\t<meta name=\"twitter:data1\" content=\"1 minute\" \/>\n<script type=\"application\/ld+json\" class=\"yoast-schema-graph\">{\"@context\":\"https:\/\/schema.org\",\"@graph\":[{\"@type\":\"WebPage\",\"@id\":\"https:\/\/loettechnik.burkhard-group.com\/en\/imprint\/\",\"url\":\"https:\/\/loettechnik.burkhard-group.com\/en\/imprint\/\",\"name\":\"Imprint - L\u00f6ttechnik\",\"isPartOf\":{\"@id\":\"https:\/\/loettechnik.burkhard-group.com\/#website\"},\"datePublished\":\"2020-02-04T09:49:08+00:00\",\"dateModified\":\"2020-02-04T09:50:27+00:00\",\"breadcrumb\":{\"@id\":\"https:\/\/loettechnik.burkhard-group.com\/en\/imprint\/#breadcrumb\"},\"inLanguage\":\"en-US\",\"potentialAction\":[{\"@type\":\"ReadAction\",\"target\":[\"https:\/\/loettechnik.burkhard-group.com\/en\/imprint\/\"]}]},{\"@type\":\"BreadcrumbList\",\"@id\":\"https:\/\/loettechnik.burkhard-group.com\/en\/imprint\/#breadcrumb\",\"itemListElement\":[{\"@type\":\"ListItem\",\"position\":1,\"name\":\"Startseite\",\"item\":\"https:\/\/loettechnik.burkhard-group.com\/en\/\"},{\"@type\":\"ListItem\",\"position\":2,\"name\":\"Imprint\"}]},{\"@type\":\"WebSite\",\"@id\":\"https:\/\/loettechnik.burkhard-group.com\/#website\",\"url\":\"https:\/\/loettechnik.burkhard-group.com\/\",\"name\":\"L\u00f6ttechnik\",\"description\":\"Mit dem Unternehmenszweig L\u00f6ten und Gl\u00fchen bieten wir Ihnen ein leistungsstarkes Unternehmen f\u00fcr die W\u00e4rmebehandlung von Metallbauteilen.\",\"potentialAction\":[{\"@type\":\"SearchAction\",\"target\":{\"@type\":\"EntryPoint\",\"urlTemplate\":\"https:\/\/loettechnik.burkhard-group.com\/?s={search_term_string}\"},\"query-input\":{\"@type\":\"PropertyValueSpecification\",\"valueRequired\":true,\"valueName\":\"search_term_string\"}}],\"inLanguage\":\"en-US\"}]}<\/script>\n<!-- \/ Yoast SEO plugin. -->","yoast_head_json":{"title":"Imprint - L\u00f6ttechnik","robots":{"index":"index","follow":"follow","max-snippet":"max-snippet:-1","max-image-preview":"max-image-preview:large","max-video-preview":"max-video-preview:-1"},"canonical":"https:\/\/loettechnik.burkhard-group.com\/en\/imprint\/","og_locale":"en_US","og_type":"article","og_title":"Imprint - L\u00f6ttechnik","og_description":"[vc_row][vc_column css=&#8221;.vc_custom_1571065243645{margin-top: 30px !important;}&#8221;][vc_column_text css=&#8221;.vc_custom_1571063174631{margin-top: 30px !important;}&#8221;] Imprint [\/vc_column_text][\/vc_column][\/vc_row][vc_row][vc_column css=&#8221;.vc_custom_1571063528009{margin-bottom: 30px !important;}&#8221;][vc_column_text]L\u00f6ttechnik Burkhard GmbH &amp; Co. KG Julius-Probst-Stra\u00dfe 9 D-87600 Kaufbeuren Tel.: +49 (0)8341 966884-44 Fax: +49 (0)8341 966884-55 Web: www.loettechnik-burkhard.de I www.burkhard-group.com E-Mail: loettechnik@burkhard-group.com Andrea Ulpinnis: datenschutzbeauftragter@burkhard-group.com Registergericht: Kempten HRA 1822 Ust-Id-Nr.: DE 213264816 Zertifiziert nach: DIN EN ISO 9001:2015 Pers\u00f6nlich haftende Gesellschafterin: Burkhard&hellip;","og_url":"https:\/\/loettechnik.burkhard-group.com\/en\/imprint\/","og_site_name":"L\u00f6ttechnik","article_modified_time":"2020-02-04T09:50:27+00:00","twitter_card":"summary_large_image","twitter_misc":{"Est. reading time":"1 minute"},"schema":{"@context":"https:\/\/schema.org","@graph":[{"@type":"WebPage","@id":"https:\/\/loettechnik.burkhard-group.com\/en\/imprint\/","url":"https:\/\/loettechnik.burkhard-group.com\/en\/imprint\/","name":"Imprint - L\u00f6ttechnik","isPartOf":{"@id":"https:\/\/loettechnik.burkhard-group.com\/#website"},"datePublished":"2020-02-04T09:49:08+00:00","dateModified":"2020-02-04T09:50:27+00:00","breadcrumb":{"@id":"https:\/\/loettechnik.burkhard-group.com\/en\/imprint\/#breadcrumb"},"inLanguage":"en-US","potentialAction":[{"@type":"ReadAction","target":["https:\/\/loettechnik.burkhard-group.com\/en\/imprint\/"]}]},{"@type":"BreadcrumbList","@id":"https:\/\/loettechnik.burkhard-group.com\/en\/imprint\/#breadcrumb","itemListElement":[{"@type":"ListItem","position":1,"name":"Startseite","item":"https:\/\/loettechnik.burkhard-group.com\/en\/"},{"@type":"ListItem","position":2,"name":"Imprint"}]},{"@type":"WebSite","@id":"https:\/\/loettechnik.burkhard-group.com\/#website","url":"https:\/\/loettechnik.burkhard-group.com\/","name":"L\u00f6ttechnik","description":"Mit dem Unternehmenszweig L\u00f6ten und Gl\u00fchen bieten wir Ihnen ein leistungsstarkes Unternehmen f\u00fcr die W\u00e4rmebehandlung von Metallbauteilen.","potentialAction":[{"@type":"SearchAction","target":{"@type":"EntryPoint","urlTemplate":"https:\/\/loettechnik.burkhard-group.com\/?s={search_term_string}"},"query-input":{"@type":"PropertyValueSpecification","valueRequired":true,"valueName":"search_term_string"}}],"inLanguage":"en-US"}]}},"_links":{"self":[{"href":"https:\/\/loettechnik.burkhard-group.com\/en\/wp-json\/wp\/v2\/pages\/1564","targetHints":{"allow":["GET"]}}],"collection":[{"href":"https:\/\/loettechnik.burkhard-group.com\/en\/wp-json\/wp\/v2\/pages"}],"about":[{"href":"https:\/\/loettechnik.burkhard-group.com\/en\/wp-json\/wp\/v2\/types\/page"}],"author":[{"embeddable":true,"href":"https:\/\/loettechnik.burkhard-group.com\/en\/wp-json\/wp\/v2\/users\/1"}],"replies":[{"embeddable":true,"href":"https:\/\/loettechnik.burkhard-group.com\/en\/wp-json\/wp\/v2\/comments?post=1564"}],"version-history":[{"count":3,"href":"https:\/\/loettechnik.burkhard-group.com\/en\/wp-json\/wp\/v2\/pages\/1564\/revisions"}],"predecessor-version":[{"id":1569,"href":"https:\/\/loettechnik.burkhard-group.com\/en\/wp-json\/wp\/v2\/pages\/1564\/revisions\/1569"}],"wp:attachment":[{"href":"https:\/\/loettechnik.burkhard-group.com\/en\/wp-json\/wp\/v2\/media?parent=1564"}],"curies":[{"name":"wp","href":"https:\/\/api.w.org\/{rel}","templated":true}]}}