{"id":1448,"date":"2020-01-28T17:25:57","date_gmt":"2020-01-28T16:25:57","guid":{"rendered":"http:\/\/loettechnik.burkhard.coalo.dev\/sitemap\/"},"modified":"2020-01-28T17:25:57","modified_gmt":"2020-01-28T16:25:57","slug":"sitemap","status":"publish","type":"page","link":"https:\/\/loettechnik.burkhard-group.com\/en\/sitemap\/","title":{"rendered":"Sitemap"},"content":{"rendered":"<div id=\"simple-sitemap-container-69e36abe6a5f4\" class=\"simple-sitemap-container simple-sitemap-container-69e36abe6a5f4 tab-disabled\"><div class=\"simple-sitemap-wrap\"><h3 class=\"post-type\">Pages<\/h3><ul class=\"simple-sitemap-page main\"><li class=\"sitemap-item page_item page-item-1429\"><a href=\"https:\/\/loettechnik.burkhard-group.com\/en\/contact\/\">Contact<\/a><\/li>\n<li class=\"sitemap-item page_item page-item-1431\"><a href=\"https:\/\/loettechnik.burkhard-group.com\/en\/\">Home<\/a><\/li>\n<li class=\"sitemap-item page_item page-item-1564\"><a href=\"https:\/\/loettechnik.burkhard-group.com\/en\/imprint\/\">Imprint<\/a><\/li>\n<li class=\"sitemap-item page_item page-item-1468\"><a href=\"https:\/\/loettechnik.burkhard-group.com\/en\/privacy\/\">Privacy Policy<\/a><\/li>\n<li class=\"sitemap-item page_item page-item-1446\"><a href=\"https:\/\/loettechnik.burkhard-group.com\/en\/search-results\/\">Search results<\/a><\/li>\n<li class=\"sitemap-item page_item page-item-1448\"><a href=\"https:\/\/loettechnik.burkhard-group.com\/en\/sitemap\/\">Sitemap<\/a><\/li>\n<\/ul><\/div><\/div><br style=\"clear: both;\"><br \/>\n    <div id=\"simple-sitemap-container-69e36abe6d9d1\" class=\"simple-sitemap-container simple-sitemap-container-69e36abe6d9d1\"><h3 class=\"post-type\">Posts<\/h3><\/div><br style=\"clear: both\"><\/p>\n","protected":false},"excerpt":{"rendered":"<p>PagesContact Home Imprint Privacy Policy Search results Sitemap Posts<\/p>\n","protected":false},"author":1,"featured_media":0,"parent":0,"menu_order":0,"comment_status":"closed","ping_status":"closed","template":"","meta":{"_lmt_disableupdate":"","_lmt_disable":"","footnotes":""},"class_list":["post-1448","page","type-page","status-publish","hentry","description-off"],"yoast_head":"<!-- This site is optimized with the Yoast SEO plugin v26.8 - https:\/\/yoast.com\/product\/yoast-seo-wordpress\/ -->\n<title>Sitemap - L\u00f6ttechnik<\/title>\n<meta name=\"robots\" content=\"index, follow, max-snippet:-1, max-image-preview:large, max-video-preview:-1\" \/>\n<link rel=\"canonical\" href=\"https:\/\/loettechnik.burkhard-group.com\/en\/sitemap\/\" \/>\n<meta property=\"og:locale\" content=\"en_US\" \/>\n<meta property=\"og:type\" content=\"article\" \/>\n<meta property=\"og:title\" content=\"Sitemap - L\u00f6ttechnik\" \/>\n<meta property=\"og:url\" content=\"https:\/\/loettechnik.burkhard-group.com\/en\/sitemap\/\" \/>\n<meta property=\"og:site_name\" content=\"L\u00f6ttechnik\" \/>\n<meta name=\"twitter:card\" content=\"summary_large_image\" \/>\n<script type=\"application\/ld+json\" class=\"yoast-schema-graph\">{\"@context\":\"https:\/\/schema.org\",\"@graph\":[{\"@type\":\"WebPage\",\"@id\":\"https:\/\/loettechnik.burkhard-group.com\/en\/sitemap\/\",\"url\":\"https:\/\/loettechnik.burkhard-group.com\/en\/sitemap\/\",\"name\":\"Sitemap - L\u00f6ttechnik\",\"isPartOf\":{\"@id\":\"https:\/\/loettechnik.burkhard-group.com\/#website\"},\"datePublished\":\"2020-01-28T16:25:57+00:00\",\"breadcrumb\":{\"@id\":\"https:\/\/loettechnik.burkhard-group.com\/en\/sitemap\/#breadcrumb\"},\"inLanguage\":\"en-US\",\"potentialAction\":[{\"@type\":\"ReadAction\",\"target\":[\"https:\/\/loettechnik.burkhard-group.com\/en\/sitemap\/\"]}]},{\"@type\":\"BreadcrumbList\",\"@id\":\"https:\/\/loettechnik.burkhard-group.com\/en\/sitemap\/#breadcrumb\",\"itemListElement\":[{\"@type\":\"ListItem\",\"position\":1,\"name\":\"Startseite\",\"item\":\"https:\/\/loettechnik.burkhard-group.com\/en\/\"},{\"@type\":\"ListItem\",\"position\":2,\"name\":\"Sitemap\"}]},{\"@type\":\"WebSite\",\"@id\":\"https:\/\/loettechnik.burkhard-group.com\/#website\",\"url\":\"https:\/\/loettechnik.burkhard-group.com\/\",\"name\":\"L\u00f6ttechnik\",\"description\":\"Mit dem Unternehmenszweig L\u00f6ten und Gl\u00fchen bieten wir Ihnen ein leistungsstarkes Unternehmen f\u00fcr die W\u00e4rmebehandlung von Metallbauteilen.\",\"potentialAction\":[{\"@type\":\"SearchAction\",\"target\":{\"@type\":\"EntryPoint\",\"urlTemplate\":\"https:\/\/loettechnik.burkhard-group.com\/?s={search_term_string}\"},\"query-input\":{\"@type\":\"PropertyValueSpecification\",\"valueRequired\":true,\"valueName\":\"search_term_string\"}}],\"inLanguage\":\"en-US\"}]}<\/script>\n<!-- \/ Yoast SEO plugin. -->","yoast_head_json":{"title":"Sitemap - L\u00f6ttechnik","robots":{"index":"index","follow":"follow","max-snippet":"max-snippet:-1","max-image-preview":"max-image-preview:large","max-video-preview":"max-video-preview:-1"},"canonical":"https:\/\/loettechnik.burkhard-group.com\/en\/sitemap\/","og_locale":"en_US","og_type":"article","og_title":"Sitemap - L\u00f6ttechnik","og_url":"https:\/\/loettechnik.burkhard-group.com\/en\/sitemap\/","og_site_name":"L\u00f6ttechnik","twitter_card":"summary_large_image","schema":{"@context":"https:\/\/schema.org","@graph":[{"@type":"WebPage","@id":"https:\/\/loettechnik.burkhard-group.com\/en\/sitemap\/","url":"https:\/\/loettechnik.burkhard-group.com\/en\/sitemap\/","name":"Sitemap - L\u00f6ttechnik","isPartOf":{"@id":"https:\/\/loettechnik.burkhard-group.com\/#website"},"datePublished":"2020-01-28T16:25:57+00:00","breadcrumb":{"@id":"https:\/\/loettechnik.burkhard-group.com\/en\/sitemap\/#breadcrumb"},"inLanguage":"en-US","potentialAction":[{"@type":"ReadAction","target":["https:\/\/loettechnik.burkhard-group.com\/en\/sitemap\/"]}]},{"@type":"BreadcrumbList","@id":"https:\/\/loettechnik.burkhard-group.com\/en\/sitemap\/#breadcrumb","itemListElement":[{"@type":"ListItem","position":1,"name":"Startseite","item":"https:\/\/loettechnik.burkhard-group.com\/en\/"},{"@type":"ListItem","position":2,"name":"Sitemap"}]},{"@type":"WebSite","@id":"https:\/\/loettechnik.burkhard-group.com\/#website","url":"https:\/\/loettechnik.burkhard-group.com\/","name":"L\u00f6ttechnik","description":"Mit dem Unternehmenszweig L\u00f6ten und Gl\u00fchen bieten wir Ihnen ein leistungsstarkes Unternehmen f\u00fcr die W\u00e4rmebehandlung von Metallbauteilen.","potentialAction":[{"@type":"SearchAction","target":{"@type":"EntryPoint","urlTemplate":"https:\/\/loettechnik.burkhard-group.com\/?s={search_term_string}"},"query-input":{"@type":"PropertyValueSpecification","valueRequired":true,"valueName":"search_term_string"}}],"inLanguage":"en-US"}]}},"_links":{"self":[{"href":"https:\/\/loettechnik.burkhard-group.com\/en\/wp-json\/wp\/v2\/pages\/1448","targetHints":{"allow":["GET"]}}],"collection":[{"href":"https:\/\/loettechnik.burkhard-group.com\/en\/wp-json\/wp\/v2\/pages"}],"about":[{"href":"https:\/\/loettechnik.burkhard-group.com\/en\/wp-json\/wp\/v2\/types\/page"}],"author":[{"embeddable":true,"href":"https:\/\/loettechnik.burkhard-group.com\/en\/wp-json\/wp\/v2\/users\/1"}],"replies":[{"embeddable":true,"href":"https:\/\/loettechnik.burkhard-group.com\/en\/wp-json\/wp\/v2\/comments?post=1448"}],"version-history":[{"count":0,"href":"https:\/\/loettechnik.burkhard-group.com\/en\/wp-json\/wp\/v2\/pages\/1448\/revisions"}],"wp:attachment":[{"href":"https:\/\/loettechnik.burkhard-group.com\/en\/wp-json\/wp\/v2\/media?parent=1448"}],"curies":[{"name":"wp","href":"https:\/\/api.w.org\/{rel}","templated":true}]}}