{"id":1429,"date":"2020-01-28T17:24:43","date_gmt":"2020-01-28T16:24:43","guid":{"rendered":"http:\/\/loettechnik.burkhard.coalo.dev\/contact\/"},"modified":"2020-02-04T13:06:33","modified_gmt":"2020-02-04T12:06:33","slug":"contact","status":"publish","type":"page","link":"https:\/\/loettechnik.burkhard-group.com\/en\/contact\/","title":{"rendered":"Contact"},"content":{"rendered":"<div class=\"wpb-content-wrapper\"><p>[vc_row css=&#8221;.vc_custom_1569485944537{margin-top: 50px !important;padding-top: 60px !important;}&#8221;][vc_column width=&#8221;1\/2&#8243;][vc_column_text]<\/p>\n<h2>Send us a message<\/h2>\n<p>[\/vc_column_text][vc_column_text]<\/p>\n<div class=\"wpb_text_column wpb_content_element \">\n<div class=\"wpb_wrapper\">\n<p>We would be glad to meet with you in person to discuss your questions about our products and services. Leave us a message in the form provided here<\/p>\n<p>and we will get back to you immediately.<\/p>\n<\/div>\n<\/div>\n<p>[\/vc_column_text]\n<div class=\"wpcf7 no-js\" id=\"wpcf7-f1573-o1\" lang=\"de-DE\" dir=\"ltr\" data-wpcf7-id=\"1573\">\n<div class=\"screen-reader-response\"><p role=\"status\" aria-live=\"polite\" aria-atomic=\"true\"><\/p> <ul><\/ul><\/div>\n<form action=\"\/en\/wp-json\/wp\/v2\/pages\/1429#wpcf7-f1573-o1\" method=\"post\" class=\"wpcf7-form init\" aria-label=\"Kontaktformular\" novalidate=\"novalidate\" data-status=\"init\">\n<fieldset class=\"hidden-fields-container\"><input type=\"hidden\" name=\"_wpcf7\" value=\"1573\" \/><input type=\"hidden\" name=\"_wpcf7_version\" value=\"6.1.4\" \/><input type=\"hidden\" name=\"_wpcf7_locale\" value=\"de_DE\" \/><input type=\"hidden\" name=\"_wpcf7_unit_tag\" value=\"wpcf7-f1573-o1\" \/><input type=\"hidden\" name=\"_wpcf7_container_post\" value=\"0\" \/><input type=\"hidden\" name=\"_wpcf7_posted_data_hash\" value=\"\" \/><input type=\"hidden\" name=\"_wpcf7dtx_version\" value=\"5.0.4\" \/>\n<\/fieldset>\n<p><span id=\"wpcf7-69e5f10c510e0-wrapper\" class=\"wpcf7-form-control-wrap Kontakt-wrap\" ><label for=\"wpcf7-69e5f10c510e0-field\" class=\"hp-message\">Bitte lasse dieses Feld leer.<\/label><input id=\"wpcf7-69e5f10c510e0-field\"  class=\"wpcf7-form-control wpcf7-text\" type=\"text\" name=\"Kontakt\" value=\"\" size=\"40\" tabindex=\"-1\" autocomplete=\"new-password\" \/><\/span>\n<\/p>\n<div class=\"row\">\n\t<div class=\"col-lg-12\">\n\t\t<p><label>Your name*<br \/>\n<span class=\"wpcf7-form-control-wrap\" data-name=\"Vorname\"><input size=\"40\" maxlength=\"400\" class=\"wpcf7-form-control wpcf7-text wpcf7-validates-as-required\" aria-required=\"true\" aria-invalid=\"false\" placeholder=\"Your name\" value=\"\" type=\"text\" name=\"Vorname\" \/><\/span><\/label>\n\t\t<\/p>\n\t<\/div>\n<\/div>\n<div class=\"row\">\n\t<div class=\"col-lg-12\">\n\t\t<p><label>Your lastname*<br \/>\n<span class=\"wpcf7-form-control-wrap\" data-name=\"Nachname\"><input size=\"40\" maxlength=\"400\" class=\"wpcf7-form-control wpcf7-text wpcf7-validates-as-required\" aria-required=\"true\" aria-invalid=\"false\" placeholder=\"IYour lastname\" value=\"\" type=\"text\" name=\"Nachname\" \/><\/span><\/label>\n\t\t<\/p>\n\t<\/div>\n<\/div>\n<div class=\"row\">\n\t<div class=\"col-lg-12\">\n\t\t<p><label>Your phone number*<br \/>\n<span class=\"wpcf7-form-control-wrap\" data-name=\"Telefonnummer\"><input size=\"40\" maxlength=\"400\" class=\"wpcf7-form-control wpcf7-tel wpcf7-validates-as-required wpcf7-text wpcf7-validates-as-tel\" aria-required=\"true\" aria-invalid=\"false\" placeholder=\"+49 1234 5678910\" value=\"\" type=\"tel\" name=\"Telefonnummer\" \/><\/span><\/label>\n\t\t<\/p>\n\t<\/div>\n<\/div>\n<div class=\"row\">\n\t<div class=\"col-lg-12\">\n\t\t<p><label>E-Mail*<br \/>\n<span class=\"wpcf7-form-control-wrap\" data-name=\"Email-Adresse\"><input size=\"40\" maxlength=\"400\" class=\"wpcf7-form-control wpcf7-email wpcf7-validates-as-required wpcf7-text wpcf7-validates-as-email\" aria-required=\"true\" aria-invalid=\"false\" placeholder=\"Ihre E-Mail Adresse\" value=\"\" type=\"email\" name=\"Email-Adresse\" \/><\/span><\/label>\n\t\t<\/p>\n\t<\/div>\n<\/div>\n<div class=\"row\">\n\t<div class=\"col-lg-12\">\n\t\t<p><label>Message<br \/>\n<span class=\"wpcf7-form-control-wrap\" data-name=\"nachricht\"><textarea cols=\"40\" rows=\"10\" maxlength=\"2000\" class=\"wpcf7-form-control wpcf7-textarea wpcf7-validates-as-required\" aria-required=\"true\" aria-invalid=\"false\" name=\"nachricht\"><\/textarea><\/span> <\/label>\n\t\t<\/p>\n\t<\/div>\n<\/div>\n<p><span class=\"wpcf7-form-control-wrap\" data-name=\"acceptance-627\"><span class=\"wpcf7-form-control wpcf7-acceptance\"><span class=\"wpcf7-list-item\"><label><input type=\"checkbox\" name=\"acceptance-627\" value=\"1\" aria-invalid=\"false\" \/><span class=\"wpcf7-list-item-label\">I have read the <a href=\"\/privacy\/?lang=en\" target=\"_blank\">privacy policy<\/a> and agree to it.<\/span><\/label><\/span><\/span><\/span>\n<\/p>\n<div class=\"row\">\n\t<div class=\"col-lg-4\">\n\t\t<p><input class=\"wpcf7-form-control wpcf7-submit has-spinner fdi-grey-button\" type=\"submit\" value=\"Submit\" \/>\n\t\t<\/p>\n\t<\/div>\n<\/div><div class=\"wpcf7-response-output\" aria-hidden=\"true\"><\/div>\n<\/form>\n<\/div>\n[\/vc_column][vc_column width=&#8221;1\/2&#8243;][vc_column_text]<\/p>\n<h2>Contact information<\/h2>\n<p>[\/vc_column_text][vc_gmaps link=&#8221;#E-8_JTNDaWZyYW1lJTIwc3JjJTNEJTIyaHR0cHMlM0ElMkYlMkZ3d3cuZ29vZ2xlLmNvbSUyRm1hcHMlMkZlbWJlZCUzRnBiJTNEJTIxMW0xOCUyMTFtMTIlMjExbTMlMjExZDI2NzUuMTc1OTM0NTIwMDIzNSUyMTJkMTAuNjU0MTYxMzE1OTkxNjM1JTIxM2Q0Ny44OTQyNzk5NzkyMDQ4NSUyMTJtMyUyMTFmMCUyMTJmMCUyMTNmMCUyMTNtMiUyMTFpMTAyNCUyMTJpNzY4JTIxNGYxMy4xJTIxM20zJTIxMW0yJTIxMXMweDQ3OWM2YjMwNmYwMmU3ZTklMjUzQTB4ZTA1ZGU1YjgyNDVlNzY4MyUyMTJzTCUyNUMzJTI1QjZ0dGVjaG5payUyNTIwQnVya2hhcmQlMjUyMEdtYkglMjUyMCUyNTI2JTI1MjBDby4lMjUyMEtHJTIxNWUwJTIxM20yJTIxMXNkZSUyMTJzZGUlMjE0djE1NzEzOTQwNjg1ODQlMjE1bTIlMjExc2RlJTIxMnNkZSUyMiUyMHdpZHRoJTNEJTIyNjAwJTIyJTIwaGVpZ2h0JTNEJTIyNDUwJTIyJTIwZnJhbWVib3JkZXIlM0QlMjIwJTIyJTIwc3R5bGUlM0QlMjJib3JkZXIlM0EwJTNCJTIyJTIwYWxsb3dmdWxsc2NyZWVuJTNEJTIyJTIyJTNFJTNDJTJGaWZyYW1lJTNF&#8221;][vc_row_inner][vc_column_inner width=&#8221;1\/2&#8243;]<div class=\"aio-icon-component    style_1\"><div id=\"Info-box-wrap-6687\" class=\"aio-icon-box left-icon\" style=\"\"  ><div class=\"aio-icon-left\"><div class=\"ult-just-icon-wrapper  \"><div class=\"align-icon\" style=\"text-align:center;\">\n<div class=\"aio-icon none \"  style=\"color:#333;font-size:32px;display:inline-block;\">\n\t<i class=\"fas fa-city\"><\/i>\n<\/div><\/div><\/div><\/div><div class=\"aio-ibd-block\"><div class=\"aio-icon-description ult-responsive\"  data-ultimate-target='#Info-box-wrap-6687 .aio-icon-description'  data-responsive-json-new='{\"font-size\":\"\",\"line-height\":\"\"}'  style=\"\">Julius-Probst-Stra\u00dfe 7<br \/>\n87600 Kaufbeuren, Germany<\/p>\n<div id=\"ritekit-alerts\"><\/div>\n<p><\/div> <!-- description --><\/div> <!-- aio-ibd-block --><\/div> <!-- aio-icon-box --><\/div> <!-- aio-icon-component --><div class=\"aio-icon-component    style_1\"><div id=\"Info-box-wrap-1445\" class=\"aio-icon-box left-icon\" style=\"\"  ><div class=\"aio-icon-left\"><div class=\"ult-just-icon-wrapper  \"><div class=\"align-icon\" style=\"text-align:center;\">\n<div class=\"aio-icon none \"  style=\"color:#333;font-size:32px;display:inline-block;\">\n\t<i class=\"fas fa-pen\"><\/i>\n<\/div><\/div><\/div><\/div><div class=\"aio-ibd-block\"><div class=\"aio-icon-description ult-responsive\"  data-ultimate-target='#Info-box-wrap-1445 .aio-icon-description'  data-responsive-json-new='{\"font-size\":\"\",\"line-height\":\"\"}'  style=\"\"><a href=\"mailto:loettechnik@burkhard-group.com\">loettechnik@burkhard-group.com<\/a><\/div> <!-- description --><\/div> <!-- aio-ibd-block --><\/div> <!-- aio-icon-box --><\/div> <!-- aio-icon-component -->[\/vc_column_inner][vc_column_inner width=&#8221;1\/2&#8243;]<div class=\"aio-icon-component    style_1\"><div id=\"Info-box-wrap-7819\" class=\"aio-icon-box left-icon\" style=\"\"  ><div class=\"aio-icon-left\"><div class=\"ult-just-icon-wrapper  \"><div class=\"align-icon\" style=\"text-align:center;\">\n<div class=\"aio-icon none \"  style=\"color:#333;font-size:32px;display:inline-block;\">\n\t<i class=\"icomoon-the7-font-the7-phone-05\"><\/i>\n<\/div><\/div><\/div><\/div><div class=\"aio-ibd-block\"><div class=\"aio-icon-description ult-responsive\"  data-ultimate-target='#Info-box-wrap-7819 .aio-icon-description'  data-responsive-json-new='{\"font-size\":\"\",\"line-height\":\"\"}'  style=\"\">Phone: +49 (0)8341 966884-44<\/p>\n<div id=\"ritekit-alerts\"><\/div>\n<p><\/div> <!-- description --><\/div> <!-- aio-ibd-block --><\/div> <!-- aio-icon-box --><\/div> <!-- aio-icon-component -->[\/vc_column_inner][\/vc_row_inner][\/vc_column][\/vc_row][vc_row][vc_column]<div class=\"ult-spacer spacer-69e5f10c54976\" data-id=\"69e5f10c54976\" data-height=\"25\" data-height-mobile=\"25\" data-height-tab=\"25\" data-height-tab-portrait=\"\" data-height-mobile-landscape=\"\" style=\"clear:both;display:block;\"><\/div>[\/vc_column][\/vc_row]<\/p>\n<\/div>","protected":false},"excerpt":{"rendered":"<p>[vc_row css=&#8221;.vc_custom_1569485944537{margin-top: 50px !important;padding-top: 60px !important;}&#8221;][vc_column width=&#8221;1\/2&#8243;][vc_column_text] Send us a message [\/vc_column_text][vc_column_text] We would be glad to meet with you in person to discuss your questions about our products and services. Leave us a message in the form provided here and we will get back to you immediately. [\/vc_column_text][\/vc_column][vc_column width=&#8221;1\/2&#8243;][vc_column_text] Contact information [\/vc_column_text][vc_gmaps link=&#8221;#E-8_JTNDaWZyYW1lJTIwc3JjJTNEJTIyaHR0cHMlM0ElMkYlMkZ3d3cuZ29vZ2xlLmNvbSUyRm1hcHMlMkZlbWJlZCUzRnBiJTNEJTIxMW0xOCUyMTFtMTIlMjExbTMlMjExZDI2NzUuMTc1OTM0NTIwMDIzNSUyMTJkMTAuNjU0MTYxMzE1OTkxNjM1JTIxM2Q0Ny44OTQyNzk5NzkyMDQ4NSUyMTJtMyUyMTFmMCUyMTJmMCUyMTNmMCUyMTNtMiUyMTFpMTAyNCUyMTJpNzY4JTIxNGYxMy4xJTIxM20zJTIxMW0yJTIxMXMweDQ3OWM2YjMwNmYwMmU3ZTklMjUzQTB4ZTA1ZGU1YjgyNDVlNzY4MyUyMTJzTCUyNUMzJTI1QjZ0dGVjaG5payUyNTIwQnVya2hhcmQlMjUyMEdtYkglMjUyMCUyNTI2JTI1MjBDby4lMjUyMEtHJTIxNWUwJTIxM20yJTIxMXNkZSUyMTJzZGUlMjE0djE1NzEzOTQwNjg1ODQlMjE1bTIlMjExc2RlJTIxMnNkZSUyMiUyMHdpZHRoJTNEJTIyNjAwJTIyJTIwaGVpZ2h0JTNEJTIyNDUwJTIyJTIwZnJhbWVib3JkZXIlM0QlMjIwJTIyJTIwc3R5bGUlM0QlMjJib3JkZXIlM0EwJTNCJTIyJTIwYWxsb3dmdWxsc2NyZWVuJTNEJTIyJTIyJTNFJTNDJTJGaWZyYW1lJTNF&#8221;][vc_row_inner][vc_column_inner width=&#8221;1\/2&#8243;][\/vc_column_inner][vc_column_inner&hellip;<\/p>\n","protected":false},"author":1,"featured_media":0,"parent":0,"menu_order":0,"comment_status":"closed","ping_status":"open","template":"","meta":{"_lmt_disableupdate":"no","_lmt_disable":"","footnotes":""},"class_list":["post-1429","page","type-page","status-publish","hentry","description-off"],"yoast_head":"<!-- This site is optimized with the Yoast SEO plugin v26.8 - https:\/\/yoast.com\/product\/yoast-seo-wordpress\/ -->\n<title>Contact - L\u00f6ttechnik<\/title>\n<meta name=\"robots\" content=\"index, follow, max-snippet:-1, max-image-preview:large, max-video-preview:-1\" \/>\n<link rel=\"canonical\" href=\"https:\/\/loettechnik.burkhard-group.com\/en\/contact\/\" \/>\n<meta property=\"og:locale\" content=\"en_US\" \/>\n<meta property=\"og:type\" content=\"article\" \/>\n<meta property=\"og:title\" content=\"Contact - L\u00f6ttechnik\" \/>\n<meta property=\"og:description\" content=\"[vc_row css=&#8221;.vc_custom_1569485944537{margin-top: 50px !important;padding-top: 60px !important;}&#8221;][vc_column width=&#8221;1\/2&#8243;][vc_column_text] Send us a message [\/vc_column_text][vc_column_text] We would be glad to meet with you in person to discuss your questions about our products and services. Leave us a message in the form provided here and we will get back to you immediately. [\/vc_column_text][\/vc_column][vc_column width=&#8221;1\/2&#8243;][vc_column_text] Contact information [\/vc_column_text][vc_gmaps link=&#8221;#E-8_JTNDaWZyYW1lJTIwc3JjJTNEJTIyaHR0cHMlM0ElMkYlMkZ3d3cuZ29vZ2xlLmNvbSUyRm1hcHMlMkZlbWJlZCUzRnBiJTNEJTIxMW0xOCUyMTFtMTIlMjExbTMlMjExZDI2NzUuMTc1OTM0NTIwMDIzNSUyMTJkMTAuNjU0MTYxMzE1OTkxNjM1JTIxM2Q0Ny44OTQyNzk5NzkyMDQ4NSUyMTJtMyUyMTFmMCUyMTJmMCUyMTNmMCUyMTNtMiUyMTFpMTAyNCUyMTJpNzY4JTIxNGYxMy4xJTIxM20zJTIxMW0yJTIxMXMweDQ3OWM2YjMwNmYwMmU3ZTklMjUzQTB4ZTA1ZGU1YjgyNDVlNzY4MyUyMTJzTCUyNUMzJTI1QjZ0dGVjaG5payUyNTIwQnVya2hhcmQlMjUyMEdtYkglMjUyMCUyNTI2JTI1MjBDby4lMjUyMEtHJTIxNWUwJTIxM20yJTIxMXNkZSUyMTJzZGUlMjE0djE1NzEzOTQwNjg1ODQlMjE1bTIlMjExc2RlJTIxMnNkZSUyMiUyMHdpZHRoJTNEJTIyNjAwJTIyJTIwaGVpZ2h0JTNEJTIyNDUwJTIyJTIwZnJhbWVib3JkZXIlM0QlMjIwJTIyJTIwc3R5bGUlM0QlMjJib3JkZXIlM0EwJTNCJTIyJTIwYWxsb3dmdWxsc2NyZWVuJTNEJTIyJTIyJTNFJTNDJTJGaWZyYW1lJTNF&#8221;][vc_row_inner][vc_column_inner width=&#8221;1\/2&#8243;][\/vc_column_inner][vc_column_inner&hellip;\" \/>\n<meta property=\"og:url\" content=\"https:\/\/loettechnik.burkhard-group.com\/en\/contact\/\" \/>\n<meta property=\"og:site_name\" content=\"L\u00f6ttechnik\" \/>\n<meta property=\"article:modified_time\" content=\"2020-02-04T12:06:33+00:00\" \/>\n<meta name=\"twitter:card\" content=\"summary_large_image\" \/>\n<meta name=\"twitter:label1\" content=\"Est. reading time\" \/>\n\t<meta name=\"twitter:data1\" content=\"1 minute\" \/>\n<script type=\"application\/ld+json\" class=\"yoast-schema-graph\">{\"@context\":\"https:\/\/schema.org\",\"@graph\":[{\"@type\":\"WebPage\",\"@id\":\"https:\/\/loettechnik.burkhard-group.com\/en\/contact\/\",\"url\":\"https:\/\/loettechnik.burkhard-group.com\/en\/contact\/\",\"name\":\"Contact - L\u00f6ttechnik\",\"isPartOf\":{\"@id\":\"https:\/\/loettechnik.burkhard-group.com\/#website\"},\"datePublished\":\"2020-01-28T16:24:43+00:00\",\"dateModified\":\"2020-02-04T12:06:33+00:00\",\"breadcrumb\":{\"@id\":\"https:\/\/loettechnik.burkhard-group.com\/en\/contact\/#breadcrumb\"},\"inLanguage\":\"en-US\",\"potentialAction\":[{\"@type\":\"ReadAction\",\"target\":[\"https:\/\/loettechnik.burkhard-group.com\/en\/contact\/\"]}]},{\"@type\":\"BreadcrumbList\",\"@id\":\"https:\/\/loettechnik.burkhard-group.com\/en\/contact\/#breadcrumb\",\"itemListElement\":[{\"@type\":\"ListItem\",\"position\":1,\"name\":\"Startseite\",\"item\":\"https:\/\/loettechnik.burkhard-group.com\/en\/\"},{\"@type\":\"ListItem\",\"position\":2,\"name\":\"Contact\"}]},{\"@type\":\"WebSite\",\"@id\":\"https:\/\/loettechnik.burkhard-group.com\/#website\",\"url\":\"https:\/\/loettechnik.burkhard-group.com\/\",\"name\":\"L\u00f6ttechnik\",\"description\":\"Mit dem Unternehmenszweig L\u00f6ten und Gl\u00fchen bieten wir Ihnen ein leistungsstarkes Unternehmen f\u00fcr die W\u00e4rmebehandlung von Metallbauteilen.\",\"potentialAction\":[{\"@type\":\"SearchAction\",\"target\":{\"@type\":\"EntryPoint\",\"urlTemplate\":\"https:\/\/loettechnik.burkhard-group.com\/?s={search_term_string}\"},\"query-input\":{\"@type\":\"PropertyValueSpecification\",\"valueRequired\":true,\"valueName\":\"search_term_string\"}}],\"inLanguage\":\"en-US\"}]}<\/script>\n<!-- \/ Yoast SEO plugin. -->","yoast_head_json":{"title":"Contact - L\u00f6ttechnik","robots":{"index":"index","follow":"follow","max-snippet":"max-snippet:-1","max-image-preview":"max-image-preview:large","max-video-preview":"max-video-preview:-1"},"canonical":"https:\/\/loettechnik.burkhard-group.com\/en\/contact\/","og_locale":"en_US","og_type":"article","og_title":"Contact - L\u00f6ttechnik","og_description":"[vc_row css=&#8221;.vc_custom_1569485944537{margin-top: 50px !important;padding-top: 60px !important;}&#8221;][vc_column width=&#8221;1\/2&#8243;][vc_column_text] Send us a message [\/vc_column_text][vc_column_text] We would be glad to meet with you in person to discuss your questions about our products and services. Leave us a message in the form provided here and we will get back to you immediately. [\/vc_column_text][\/vc_column][vc_column width=&#8221;1\/2&#8243;][vc_column_text] Contact information [\/vc_column_text][vc_gmaps link=&#8221;#E-8_JTNDaWZyYW1lJTIwc3JjJTNEJTIyaHR0cHMlM0ElMkYlMkZ3d3cuZ29vZ2xlLmNvbSUyRm1hcHMlMkZlbWJlZCUzRnBiJTNEJTIxMW0xOCUyMTFtMTIlMjExbTMlMjExZDI2NzUuMTc1OTM0NTIwMDIzNSUyMTJkMTAuNjU0MTYxMzE1OTkxNjM1JTIxM2Q0Ny44OTQyNzk5NzkyMDQ4NSUyMTJtMyUyMTFmMCUyMTJmMCUyMTNmMCUyMTNtMiUyMTFpMTAyNCUyMTJpNzY4JTIxNGYxMy4xJTIxM20zJTIxMW0yJTIxMXMweDQ3OWM2YjMwNmYwMmU3ZTklMjUzQTB4ZTA1ZGU1YjgyNDVlNzY4MyUyMTJzTCUyNUMzJTI1QjZ0dGVjaG5payUyNTIwQnVya2hhcmQlMjUyMEdtYkglMjUyMCUyNTI2JTI1MjBDby4lMjUyMEtHJTIxNWUwJTIxM20yJTIxMXNkZSUyMTJzZGUlMjE0djE1NzEzOTQwNjg1ODQlMjE1bTIlMjExc2RlJTIxMnNkZSUyMiUyMHdpZHRoJTNEJTIyNjAwJTIyJTIwaGVpZ2h0JTNEJTIyNDUwJTIyJTIwZnJhbWVib3JkZXIlM0QlMjIwJTIyJTIwc3R5bGUlM0QlMjJib3JkZXIlM0EwJTNCJTIyJTIwYWxsb3dmdWxsc2NyZWVuJTNEJTIyJTIyJTNFJTNDJTJGaWZyYW1lJTNF&#8221;][vc_row_inner][vc_column_inner width=&#8221;1\/2&#8243;][\/vc_column_inner][vc_column_inner&hellip;","og_url":"https:\/\/loettechnik.burkhard-group.com\/en\/contact\/","og_site_name":"L\u00f6ttechnik","article_modified_time":"2020-02-04T12:06:33+00:00","twitter_card":"summary_large_image","twitter_misc":{"Est. reading time":"1 minute"},"schema":{"@context":"https:\/\/schema.org","@graph":[{"@type":"WebPage","@id":"https:\/\/loettechnik.burkhard-group.com\/en\/contact\/","url":"https:\/\/loettechnik.burkhard-group.com\/en\/contact\/","name":"Contact - L\u00f6ttechnik","isPartOf":{"@id":"https:\/\/loettechnik.burkhard-group.com\/#website"},"datePublished":"2020-01-28T16:24:43+00:00","dateModified":"2020-02-04T12:06:33+00:00","breadcrumb":{"@id":"https:\/\/loettechnik.burkhard-group.com\/en\/contact\/#breadcrumb"},"inLanguage":"en-US","potentialAction":[{"@type":"ReadAction","target":["https:\/\/loettechnik.burkhard-group.com\/en\/contact\/"]}]},{"@type":"BreadcrumbList","@id":"https:\/\/loettechnik.burkhard-group.com\/en\/contact\/#breadcrumb","itemListElement":[{"@type":"ListItem","position":1,"name":"Startseite","item":"https:\/\/loettechnik.burkhard-group.com\/en\/"},{"@type":"ListItem","position":2,"name":"Contact"}]},{"@type":"WebSite","@id":"https:\/\/loettechnik.burkhard-group.com\/#website","url":"https:\/\/loettechnik.burkhard-group.com\/","name":"L\u00f6ttechnik","description":"Mit dem Unternehmenszweig L\u00f6ten und Gl\u00fchen bieten wir Ihnen ein leistungsstarkes Unternehmen f\u00fcr die W\u00e4rmebehandlung von Metallbauteilen.","potentialAction":[{"@type":"SearchAction","target":{"@type":"EntryPoint","urlTemplate":"https:\/\/loettechnik.burkhard-group.com\/?s={search_term_string}"},"query-input":{"@type":"PropertyValueSpecification","valueRequired":true,"valueName":"search_term_string"}}],"inLanguage":"en-US"}]}},"_links":{"self":[{"href":"https:\/\/loettechnik.burkhard-group.com\/en\/wp-json\/wp\/v2\/pages\/1429","targetHints":{"allow":["GET"]}}],"collection":[{"href":"https:\/\/loettechnik.burkhard-group.com\/en\/wp-json\/wp\/v2\/pages"}],"about":[{"href":"https:\/\/loettechnik.burkhard-group.com\/en\/wp-json\/wp\/v2\/types\/page"}],"author":[{"embeddable":true,"href":"https:\/\/loettechnik.burkhard-group.com\/en\/wp-json\/wp\/v2\/users\/1"}],"replies":[{"embeddable":true,"href":"https:\/\/loettechnik.burkhard-group.com\/en\/wp-json\/wp\/v2\/comments?post=1429"}],"version-history":[{"count":2,"href":"https:\/\/loettechnik.burkhard-group.com\/en\/wp-json\/wp\/v2\/pages\/1429\/revisions"}],"predecessor-version":[{"id":1579,"href":"https:\/\/loettechnik.burkhard-group.com\/en\/wp-json\/wp\/v2\/pages\/1429\/revisions\/1579"}],"wp:attachment":[{"href":"https:\/\/loettechnik.burkhard-group.com\/en\/wp-json\/wp\/v2\/media?parent=1429"}],"curies":[{"name":"wp","href":"https:\/\/api.w.org\/{rel}","templated":true}]}}